{"id":3914,"date":"2025-10-11T09:14:15","date_gmt":"2025-10-11T09:14:15","guid":{"rendered":"https:\/\/reverus-negotium.com\/nutzungsbedingungen\/"},"modified":"2026-01-23T12:46:06","modified_gmt":"2026-01-23T12:46:06","slug":"nutzungsbedingungen","status":"publish","type":"page","link":"https:\/\/reverus-negotium.com\/de\/nutzungsbedingungen\/","title":{"rendered":"Nutzungsbedingungen"},"content":{"rendered":"\t\t<div data-elementor-type=\"wp-page\" data-elementor-id=\"3914\" class=\"elementor elementor-3914 elementor-3587\">\n\t\t\t\t<div class=\"elementor-element elementor-element-7a5af43f e-flex e-con-boxed e-con e-parent\" data-id=\"7a5af43f\" data-element_type=\"container\" data-e-type=\"container\" data-settings=\"{&quot;background_background&quot;:&quot;classic&quot;}\">\n\t\t\t\t\t<div class=\"e-con-inner\">\n\t\t\t\t<div class=\"elementor-element elementor-element-756c7eee elementor-widget elementor-widget-spacer\" data-id=\"756c7eee\" data-element_type=\"widget\" data-e-type=\"widget\" data-widget_type=\"spacer.default\">\n\t\t\t\t<div class=\"elementor-widget-container\">\n\t\t\t\t\t\t\t<div class=\"elementor-spacer\">\n\t\t\t<div class=\"elementor-spacer-inner\"><\/div>\n\t\t<\/div>\n\t\t\t\t\t\t<\/div>\n\t\t\t\t<\/div>\n\t\t\t\t<div class=\"elementor-element elementor-element-34b20eb0 elementor-widget elementor-widget-heading\" data-id=\"34b20eb0\" data-element_type=\"widget\" data-e-type=\"widget\" data-widget_type=\"heading.default\">\n\t\t\t\t<div class=\"elementor-widget-container\">\n\t\t\t\t\t<h1 class=\"elementor-heading-title elementor-size-default\">Nutzungsbedingungen<\/h1>\t\t\t\t<\/div>\n\t\t\t\t<\/div>\n\t\t\t\t\t<\/div>\n\t\t\t\t<\/div>\n\t\t<div class=\"elementor-element elementor-element-0bae32a e-flex e-con-boxed e-con e-parent\" data-id=\"0bae32a\" data-element_type=\"container\" data-e-type=\"container\">\n\t\t\t\t\t<div class=\"e-con-inner\">\n\t\t\t\t<div class=\"elementor-element elementor-element-ed87348 elementor-widget elementor-widget-text-editor\" data-id=\"ed87348\" data-element_type=\"widget\" data-e-type=\"widget\" data-widget_type=\"text-editor.default\">\n\t\t\t\t<div class=\"elementor-widget-container\">\n\t\t\t\t\t\t\t\t\t<p data-start=\"107\" data-end=\"403\"> <\/p><p data-start=\"107\" data-end=\"403\"><strong data-start=\"107\" data-end=\"118\">1. Einleitung<\/strong><br data-start=\"118\" data-end=\"121\">Willkommen auf der Webseite von Reverus Negotium d.o.o. (<a class=\"decorated-link\" href=\"http:\/\/www.reverus-negotium.com\" target=\"_new\" rel=\"noopener\" data-start=\"173\" data-end=\"197\">www.reverus-negotium.com<\/a>). Durch die Nutzung dieser Webseite best\u00e4tigen Sie, dass Sie diese Nutzungsbedingungen gelesen, verstanden und akzeptiert haben. Wenn Sie mit einem Teil dieser Bedingungen nicht einverstanden sind, nutzen Sie diese Webseite bitte nicht.  <\/p><p data-start=\"405\" data-end=\"755\"><strong data-start=\"405\" data-end=\"436\">2. Geistiges Eigentum<\/strong><br data-start=\"436\" data-end=\"439\">Alle Inhalte dieser Webseite, einschlie\u00dflich Texte, Bilder, Logos, Grafiken und andere Materialien, sind Eigentum von Reverus Negotium d.o.o., sofern nicht anders angegeben. Es ist untersagt, Inhalte ohne vorherige schriftliche Genehmigung des Eigent\u00fcmers zu kopieren, zu verbreiten, zu \u00e4ndern oder f\u00fcr andere Zwecke zu nutzen. <\/p><p data-start=\"757\" data-end=\"1031\"><strong data-start=\"757\" data-end=\"783\">3. Nutzung der Webseite<\/strong><br data-start=\"783\" data-end=\"786\">Nutzer verpflichten sich, Folgendes zu unterlassen:<br data-start=\"816\" data-end=\"819\">3.1. die Webseite f\u00fcr illegale Aktivit\u00e4ten zu nutzen,<br data-start=\"868\" data-end=\"871\">3.2. beleidigende, irref\u00fchrende oder b\u00f6sartige Inhalte zu ver\u00f6ffentlichen,<br data-start=\"944\" data-end=\"947\">3.3. unbefugten Zugriff auf das System zu versuchen oder Dritten den Zugriff zu erm\u00f6glichen.   <\/p><p data-start=\"1033\" data-end=\"1337\"><strong data-start=\"1033\" data-end=\"1064\">4. Haftungsbeschr\u00e4nkung<\/strong><br data-start=\"1064\" data-end=\"1067\">Reverus Negotium d.o.o. \u00fcbernimmt keine Verantwortung f\u00fcr eventuelle Fehler oder Ungenauigkeiten im Inhalt der Webseite, noch f\u00fcr Sch\u00e4den, die durch die Nutzung der auf der Webseite ver\u00f6ffentlichten Informationen entstehen k\u00f6nnen. Nutzer verwenden alle Informationen ausschlie\u00dflich auf eigenes Risiko. <\/p><p data-start=\"1339\" data-end=\"1578\"><strong data-start=\"1339\" data-end=\"1363\">5. Externe Links<\/strong><br data-start=\"1363\" data-end=\"1366\">Diese Webseite kann Links zu anderen, externen Webseiten enthalten. Reverus Negotium d.o.o. hat keine Kontrolle \u00fcber deren Inhalte und \u00fcbernimmt keine Verantwortung f\u00fcr deren Datenschutzrichtlinien oder Nutzungsbedingungen. <\/p><p data-start=\"1580\" data-end=\"1735\"><strong data-start=\"1580\" data-end=\"1602\">6. \u00c4nderungen der Bedingungen<\/strong><br data-start=\"1602\" data-end=\"1605\">Wir behalten uns das Recht vor, diese Nutzungsbedingungen jederzeit zu \u00e4ndern. Die aktualisierte Version wird stets auf dieser Seite verf\u00fcgbar sein. <\/p><p data-start=\"1737\" data-end=\"1892\"><strong data-start=\"1737\" data-end=\"1751\">7. Kontakt<\/strong><br data-start=\"1751\" data-end=\"1754\">F\u00fcr alle Fragen oder weitere Informationen bez\u00fcglich dieser Nutzungsbedingungen k\u00f6nnen Sie uns per E-Mail kontaktieren: <a class=\"decorated-link cursor-pointer\" rel=\"noopener\" data-start=\"1867\" data-end=\"1892\">info@reverus-negotium.com<\/a><\/p>\t\t\t\t\t\t\t\t<\/div>\n\t\t\t\t<\/div>\n\t\t\t\t\t<\/div>\n\t\t\t\t<\/div>\n\t\t\t\t<\/div>\n\t\t","protected":false},"excerpt":{"rendered":"<p>Nutzungsbedingungen 1. EinleitungWillkommen auf der Webseite von Reverus Negotium d.o.o. (www.reverus-negotium.com). Durch die Nutzung dieser Webseite best\u00e4tigen Sie, dass Sie [&hellip;]<\/p>\n","protected":false},"author":1,"featured_media":0,"parent":0,"menu_order":0,"comment_status":"closed","ping_status":"closed","template":"","meta":{"_acf_changed":false,"site-sidebar-layout":"no-sidebar","site-content-layout":"","ast-site-content-layout":"full-width-container","site-content-style":"default","site-sidebar-style":"default","ast-global-header-display":"","ast-banner-title-visibility":"","ast-main-header-display":"","ast-hfb-above-header-display":"","ast-hfb-below-header-display":"","ast-hfb-mobile-header-display":"","site-post-title":"disabled","ast-breadcrumbs-content":"","ast-featured-img":"disabled","footer-sml-layout":"","ast-disable-related-posts":"","theme-transparent-header-meta":"default","adv-header-id-meta":"","stick-header-meta":"","header-above-stick-meta":"","header-main-stick-meta":"","header-below-stick-meta":"","astra-migrate-meta-layouts":"set","ast-page-background-enabled":"default","ast-page-background-meta":{"desktop":{"background-color":"var(--ast-global-color-4)","background-image":"","background-repeat":"repeat","background-position":"center center","background-size":"auto","background-attachment":"scroll","background-type":"","background-media":"","overlay-type":"","overlay-color":"","overlay-opacity":"","overlay-gradient":""},"tablet":{"background-color":"","background-image":"","background-repeat":"repeat","background-position":"center center","background-size":"auto","background-attachment":"scroll","background-type":"","background-media":"","overlay-type":"","overlay-color":"","overlay-opacity":"","overlay-gradient":""},"mobile":{"background-color":"","background-image":"","background-repeat":"repeat","background-position":"center center","background-size":"auto","background-attachment":"scroll","background-type":"","background-media":"","overlay-type":"","overlay-color":"","overlay-opacity":"","overlay-gradient":""}},"ast-content-background-meta":{"desktop":{"background-color":"var(--ast-global-color-5)","background-image":"","background-repeat":"repeat","background-position":"center center","background-size":"auto","background-attachment":"scroll","background-type":"","background-media":"","overlay-type":"","overlay-color":"","overlay-opacity":"","overlay-gradient":""},"tablet":{"background-color":"var(--ast-global-color-5)","background-image":"","background-repeat":"repeat","background-position":"center center","background-size":"auto","background-attachment":"scroll","background-type":"","background-media":"","overlay-type":"","overlay-color":"","overlay-opacity":"","overlay-gradient":""},"mobile":{"background-color":"var(--ast-global-color-5)","background-image":"","background-repeat":"repeat","background-position":"center center","background-size":"auto","background-attachment":"scroll","background-type":"","background-media":"","overlay-type":"","overlay-color":"","overlay-opacity":"","overlay-gradient":""}},"footnotes":""},"class_list":["post-3914","page","type-page","status-publish","hentry"],"acf":[],"yoast_head":"<!-- This site is optimized with the Yoast SEO plugin v27.2 - https:\/\/yoast.com\/product\/yoast-seo-wordpress\/ -->\n<title>Nutzungsbedingungen | Reverus Negotium<\/title>\n<meta name=\"description\" content=\"Nutzungsbedingungen und rechtliche Hinweise f\u00fcr die Website von Reverus Negotium. Jetzt mehr erfahren!\" \/>\n<meta name=\"robots\" content=\"index, follow, max-snippet:-1, max-image-preview:large, max-video-preview:-1\" \/>\n<link rel=\"canonical\" href=\"https:\/\/reverus-negotium.com\/de\/nutzungsbedingungen\/\" \/>\n<meta property=\"og:locale\" content=\"de_DE\" \/>\n<meta property=\"og:type\" content=\"article\" \/>\n<meta property=\"og:title\" content=\"Nutzungsbedingungen | Reverus Negotium\" \/>\n<meta property=\"og:description\" content=\"Nutzungsbedingungen und rechtliche Hinweise f\u00fcr die Website von Reverus Negotium. Jetzt mehr erfahren!\" \/>\n<meta property=\"og:url\" content=\"https:\/\/reverus-negotium.com\/de\/nutzungsbedingungen\/\" \/>\n<meta property=\"og:site_name\" content=\"reverus-negotium.com\" \/>\n<meta property=\"article:modified_time\" content=\"2026-01-23T12:46:06+00:00\" \/>\n<meta name=\"twitter:card\" content=\"summary_large_image\" \/>\n<meta name=\"twitter:label1\" content=\"Gesch\u00e4tzte Lesezeit\" \/>\n\t<meta name=\"twitter:data1\" content=\"2\u00a0Minuten\" \/>\n<script type=\"application\/ld+json\" class=\"yoast-schema-graph\">{\"@context\":\"https:\/\/schema.org\",\"@graph\":[{\"@type\":\"WebPage\",\"@id\":\"https:\/\/reverus-negotium.com\/de\/nutzungsbedingungen\/\",\"url\":\"https:\/\/reverus-negotium.com\/de\/nutzungsbedingungen\/\",\"name\":\"Nutzungsbedingungen | Reverus Negotium\",\"isPartOf\":{\"@id\":\"https:\/\/reverus-negotium.com\/de\/#website\"},\"datePublished\":\"2025-10-11T09:14:15+00:00\",\"dateModified\":\"2026-01-23T12:46:06+00:00\",\"description\":\"Nutzungsbedingungen und rechtliche Hinweise f\u00fcr die Website von Reverus Negotium. Jetzt mehr erfahren!\",\"breadcrumb\":{\"@id\":\"https:\/\/reverus-negotium.com\/de\/nutzungsbedingungen\/#breadcrumb\"},\"inLanguage\":\"de\",\"potentialAction\":[{\"@type\":\"ReadAction\",\"target\":[\"https:\/\/reverus-negotium.com\/de\/nutzungsbedingungen\/\"]}]},{\"@type\":\"BreadcrumbList\",\"@id\":\"https:\/\/reverus-negotium.com\/de\/nutzungsbedingungen\/#breadcrumb\",\"itemListElement\":[{\"@type\":\"ListItem\",\"position\":1,\"name\":\"Home\",\"item\":\"https:\/\/reverus-negotium.com\/de\/immobilienverkauf-und-kauf\/\"},{\"@type\":\"ListItem\",\"position\":2,\"name\":\"Nutzungsbedingungen\"}]},{\"@type\":\"WebSite\",\"@id\":\"https:\/\/reverus-negotium.com\/de\/#website\",\"url\":\"https:\/\/reverus-negotium.com\/de\/\",\"name\":\"reverus-negotium.com\",\"description\":\"\",\"publisher\":{\"@id\":\"https:\/\/reverus-negotium.com\/de\/#organization\"},\"potentialAction\":[{\"@type\":\"SearchAction\",\"target\":{\"@type\":\"EntryPoint\",\"urlTemplate\":\"https:\/\/reverus-negotium.com\/de\/?s={search_term_string}\"},\"query-input\":{\"@type\":\"PropertyValueSpecification\",\"valueRequired\":true,\"valueName\":\"search_term_string\"}}],\"inLanguage\":\"de\"},{\"@type\":\"Organization\",\"@id\":\"https:\/\/reverus-negotium.com\/de\/#organization\",\"name\":\"reverus-negotium.com\",\"url\":\"https:\/\/reverus-negotium.com\/de\/\",\"logo\":{\"@type\":\"ImageObject\",\"inLanguage\":\"de\",\"@id\":\"https:\/\/reverus-negotium.com\/de\/#\/schema\/logo\/image\/\",\"url\":\"https:\/\/reverus-negotium.com\/wp-content\/uploads\/2025\/10\/cropped-cropped-reverus_HD_logo.png\",\"contentUrl\":\"https:\/\/reverus-negotium.com\/wp-content\/uploads\/2025\/10\/cropped-cropped-reverus_HD_logo.png\",\"width\":600,\"height\":200,\"caption\":\"reverus-negotium.com\"},\"image\":{\"@id\":\"https:\/\/reverus-negotium.com\/de\/#\/schema\/logo\/image\/\"}}]}<\/script>\n<!-- \/ Yoast SEO plugin. -->","yoast_head_json":{"title":"Nutzungsbedingungen | Reverus Negotium","description":"Nutzungsbedingungen und rechtliche Hinweise f\u00fcr die Website von Reverus Negotium. Jetzt mehr erfahren!","robots":{"index":"index","follow":"follow","max-snippet":"max-snippet:-1","max-image-preview":"max-image-preview:large","max-video-preview":"max-video-preview:-1"},"canonical":"https:\/\/reverus-negotium.com\/de\/nutzungsbedingungen\/","og_locale":"de_DE","og_type":"article","og_title":"Nutzungsbedingungen | Reverus Negotium","og_description":"Nutzungsbedingungen und rechtliche Hinweise f\u00fcr die Website von Reverus Negotium. Jetzt mehr erfahren!","og_url":"https:\/\/reverus-negotium.com\/de\/nutzungsbedingungen\/","og_site_name":"reverus-negotium.com","article_modified_time":"2026-01-23T12:46:06+00:00","twitter_card":"summary_large_image","twitter_misc":{"Gesch\u00e4tzte Lesezeit":"2\u00a0Minuten"},"schema":{"@context":"https:\/\/schema.org","@graph":[{"@type":"WebPage","@id":"https:\/\/reverus-negotium.com\/de\/nutzungsbedingungen\/","url":"https:\/\/reverus-negotium.com\/de\/nutzungsbedingungen\/","name":"Nutzungsbedingungen | Reverus Negotium","isPartOf":{"@id":"https:\/\/reverus-negotium.com\/de\/#website"},"datePublished":"2025-10-11T09:14:15+00:00","dateModified":"2026-01-23T12:46:06+00:00","description":"Nutzungsbedingungen und rechtliche Hinweise f\u00fcr die Website von Reverus Negotium. Jetzt mehr erfahren!","breadcrumb":{"@id":"https:\/\/reverus-negotium.com\/de\/nutzungsbedingungen\/#breadcrumb"},"inLanguage":"de","potentialAction":[{"@type":"ReadAction","target":["https:\/\/reverus-negotium.com\/de\/nutzungsbedingungen\/"]}]},{"@type":"BreadcrumbList","@id":"https:\/\/reverus-negotium.com\/de\/nutzungsbedingungen\/#breadcrumb","itemListElement":[{"@type":"ListItem","position":1,"name":"Home","item":"https:\/\/reverus-negotium.com\/de\/immobilienverkauf-und-kauf\/"},{"@type":"ListItem","position":2,"name":"Nutzungsbedingungen"}]},{"@type":"WebSite","@id":"https:\/\/reverus-negotium.com\/de\/#website","url":"https:\/\/reverus-negotium.com\/de\/","name":"reverus-negotium.com","description":"","publisher":{"@id":"https:\/\/reverus-negotium.com\/de\/#organization"},"potentialAction":[{"@type":"SearchAction","target":{"@type":"EntryPoint","urlTemplate":"https:\/\/reverus-negotium.com\/de\/?s={search_term_string}"},"query-input":{"@type":"PropertyValueSpecification","valueRequired":true,"valueName":"search_term_string"}}],"inLanguage":"de"},{"@type":"Organization","@id":"https:\/\/reverus-negotium.com\/de\/#organization","name":"reverus-negotium.com","url":"https:\/\/reverus-negotium.com\/de\/","logo":{"@type":"ImageObject","inLanguage":"de","@id":"https:\/\/reverus-negotium.com\/de\/#\/schema\/logo\/image\/","url":"https:\/\/reverus-negotium.com\/wp-content\/uploads\/2025\/10\/cropped-cropped-reverus_HD_logo.png","contentUrl":"https:\/\/reverus-negotium.com\/wp-content\/uploads\/2025\/10\/cropped-cropped-reverus_HD_logo.png","width":600,"height":200,"caption":"reverus-negotium.com"},"image":{"@id":"https:\/\/reverus-negotium.com\/de\/#\/schema\/logo\/image\/"}}]}},"_links":{"self":[{"href":"https:\/\/reverus-negotium.com\/de\/wp-json\/wp\/v2\/pages\/3914","targetHints":{"allow":["GET"]}}],"collection":[{"href":"https:\/\/reverus-negotium.com\/de\/wp-json\/wp\/v2\/pages"}],"about":[{"href":"https:\/\/reverus-negotium.com\/de\/wp-json\/wp\/v2\/types\/page"}],"author":[{"embeddable":true,"href":"https:\/\/reverus-negotium.com\/de\/wp-json\/wp\/v2\/users\/1"}],"replies":[{"embeddable":true,"href":"https:\/\/reverus-negotium.com\/de\/wp-json\/wp\/v2\/comments?post=3914"}],"version-history":[{"count":7,"href":"https:\/\/reverus-negotium.com\/de\/wp-json\/wp\/v2\/pages\/3914\/revisions"}],"predecessor-version":[{"id":4847,"href":"https:\/\/reverus-negotium.com\/de\/wp-json\/wp\/v2\/pages\/3914\/revisions\/4847"}],"wp:attachment":[{"href":"https:\/\/reverus-negotium.com\/de\/wp-json\/wp\/v2\/media?parent=3914"}],"curies":[{"name":"wp","href":"https:\/\/api.w.org\/{rel}","templated":true}]}}