{"id":3912,"date":"2025-10-11T08:27:17","date_gmt":"2025-10-11T08:27:17","guid":{"rendered":"https:\/\/reverus-negotium.com\/cookie-richtlinie\/"},"modified":"2026-01-23T12:34:12","modified_gmt":"2026-01-23T12:34:12","slug":"cookie-richtlinie","status":"publish","type":"page","link":"https:\/\/reverus-negotium.com\/de\/cookie-richtlinie\/","title":{"rendered":"Cookie-Richtlinie"},"content":{"rendered":"\t\t<div data-elementor-type=\"wp-page\" data-elementor-id=\"3912\" class=\"elementor elementor-3912 elementor-3548\">\n\t\t\t\t<div class=\"elementor-element elementor-element-7a5af43f e-flex e-con-boxed e-con e-parent\" data-id=\"7a5af43f\" data-element_type=\"container\" data-e-type=\"container\" data-settings=\"{&quot;background_background&quot;:&quot;classic&quot;}\">\n\t\t\t\t\t<div class=\"e-con-inner\">\n\t\t\t\t<div class=\"elementor-element elementor-element-756c7eee elementor-widget elementor-widget-spacer\" data-id=\"756c7eee\" data-element_type=\"widget\" data-e-type=\"widget\" data-widget_type=\"spacer.default\">\n\t\t\t\t<div class=\"elementor-widget-container\">\n\t\t\t\t\t\t\t<div class=\"elementor-spacer\">\n\t\t\t<div class=\"elementor-spacer-inner\"><\/div>\n\t\t<\/div>\n\t\t\t\t\t\t<\/div>\n\t\t\t\t<\/div>\n\t\t\t\t<div class=\"elementor-element elementor-element-34b20eb0 elementor-widget elementor-widget-heading\" data-id=\"34b20eb0\" data-element_type=\"widget\" data-e-type=\"widget\" data-widget_type=\"heading.default\">\n\t\t\t\t<div class=\"elementor-widget-container\">\n\t\t\t\t\t<h1 class=\"elementor-heading-title elementor-size-default\">Cookie-Richtlinie<\/h1>\t\t\t\t<\/div>\n\t\t\t\t<\/div>\n\t\t\t\t\t<\/div>\n\t\t\t\t<\/div>\n\t\t<div class=\"elementor-element elementor-element-0bae32a e-flex e-con-boxed e-con e-parent\" data-id=\"0bae32a\" data-element_type=\"container\" data-e-type=\"container\">\n\t\t\t\t\t<div class=\"e-con-inner\">\n\t\t\t\t<div class=\"elementor-element elementor-element-ed87348 elementor-widget elementor-widget-text-editor\" data-id=\"ed87348\" data-element_type=\"widget\" data-e-type=\"widget\" data-widget_type=\"text-editor.default\">\n\t\t\t\t<div class=\"elementor-widget-container\">\n\t\t\t\t\t\t\t\t\t<p data-start=\"473\" data-end=\"497\"> <\/p><p data-start=\"473\" data-end=\"497\"><strong data-start=\"473\" data-end=\"497\">Cookie-Richtlinie<\/strong><\/p><p data-start=\"499\" data-end=\"999\">Um Ihren Besuch auf unserer Website so angenehm, funktional und effizient wie m\u00f6glich zu gestalten, speichert unsere Website bestimmte Informationen in Form von Cookies auf Ihrem Computer, Mobilger\u00e4t oder Tablet. Cookies erm\u00f6glichen die korrekte Funktion der Website, die Anpassung der Inhalte an Ihre Interessen und die Verbesserung des Nutzererlebnisses.<br data-start=\"821\" data-end=\"824\">Durch die Nutzung dieser Website stimmen Sie der Verwendung von Cookies zu. Wenn Sie diese blockieren, bleibt die Website weiterhin zug\u00e4nglich, jedoch funktionieren bestimmte Funktionen m\u00f6glicherweise nicht ordnungsgem\u00e4\u00df.  <\/p><p data-start=\"1001\" data-end=\"1155\"><strong data-start=\"1001\" data-end=\"1024\">1. Was sind Cookies?<\/strong><br data-start=\"1024\" data-end=\"1027\">Ein Cookie ist eine kleine Textdatei, die auf Ihrem Ger\u00e4t gespeichert wird, wenn Sie eine bestimmte Website besuchen. Cookies k\u00f6nnen sein: <\/p><ul data-start=\"1156\" data-end=\"1325\"><li data-start=\"1156\" data-end=\"1236\"><p data-start=\"1158\" data-end=\"1236\"><strong data-start=\"1158\" data-end=\"1182\">Erstanbieter-Cookies<\/strong>, die von der Website selbst gesetzt werden, die Sie besuchen.<\/p><\/li><li data-start=\"1237\" data-end=\"1325\"><p data-start=\"1239\" data-end=\"1325\"><strong data-start=\"1239\" data-end=\"1264\">Drittanbieter-Cookies<\/strong>, die von externen Diensten (z. B. Google Analytics) gesetzt werden.<\/p><\/li><\/ul><p data-start=\"1327\" data-end=\"1555\">Cookies speichern normalerweise Ihre Einstellungen und erm\u00f6glichen die Wiedererkennung bei einem erneuten Besuch. Sie k\u00f6nnen auch pers\u00f6nliche Daten enthalten, jedoch nur, wenn Sie diese selbst zulassen. Der Website ist es nicht gestattet, auf andere Dateien auf Ihrem Ger\u00e4t zuzugreifen.  <\/p><p data-start=\"1557\" data-end=\"1884\"><strong data-start=\"1557\" data-end=\"1589\">2. Wie man Cookies deaktiviert<\/strong><br data-start=\"1589\" data-end=\"1592\">Wenn Sie das Speichern von Cookies deaktivieren m\u00f6chten, k\u00f6nnen Sie dies in den Einstellungen Ihres Internetbrowsers tun.<br data-start=\"1696\" data-end=\"1699\">Bitte beachten Sie, dass das Blockieren von Cookies die Funktionalit\u00e4t der Website beeintr\u00e4chtigen kann.<br data-start=\"1777\" data-end=\"1780\">Anweisungen zur \u00c4nderung der Cookie-Einstellungen finden Sie unter der Option <strong data-start=\"1835\" data-end=\"1853\">\u201eHilfe\u201c (Help)<\/strong> im Men\u00fc Ihres Browsers.<\/p><p data-start=\"1886\" data-end=\"2110\"><strong data-start=\"1886\" data-end=\"1930\">3. Sitzungscookies (Session Cookies)<\/strong><br data-start=\"1930\" data-end=\"1933\">Sitzungscookies werden nach dem Schlie\u00dfen des Browsers automatisch gel\u00f6scht. Sie werden zur Speicherung tempor\u00e4rer Daten verwendet, wie z. B. des Warenkorbinhalts oder tempor\u00e4rer Benutzereinstellungen. <\/p><p data-start=\"2112\" data-end=\"2354\"><strong data-start=\"2112\" data-end=\"2155\">4. Permanente Cookies (Persistent Cookies)<\/strong><br data-start=\"2155\" data-end=\"2158\">Permanente Cookies bleiben auch nach dem Schlie\u00dfen des Browsers auf Ihrem Ger\u00e4t gespeichert. Sie erm\u00f6glichen es Websites, Ihre Einstellungen, Anmeldedaten oder andere Pr\u00e4ferenzen bei zuk\u00fcnftigen Besuchen zu speichern. <\/p><p data-start=\"2356\" data-end=\"2821\"><strong data-start=\"2356\" data-end=\"2384\">5. Drittanbieter-Cookies<\/strong><br data-start=\"2384\" data-end=\"2387\">Unsere Website kann Drittanbieter-Cookies f\u00fcr analytische und statistische Zwecke verwenden.<br data-start=\"2477\" data-end=\"2480\">Derzeit verwenden wir <strong data-start=\"2501\" data-end=\"2521\">Google Analytics<\/strong> zur \u00dcberwachung der Besucherzahlen und zur Analyse der Website-Nutzung. Diese Cookies sammeln anonyme Daten \u00fcber die Nutzung der Website, um diese zu verbessern.<br data-start=\"2683\" data-end=\"2686\">Weitere Informationen zu Google Analytics Cookies finden Sie unter: <a class=\"decorated-link cursor-pointer\" target=\"_new\" rel=\"noopener\" data-start=\"2747\" data-end=\"2821\">https:\/\/policies.google.com\/privacy<\/a> <\/p>\t\t\t\t\t\t\t\t<\/div>\n\t\t\t\t<\/div>\n\t\t\t\t\t<\/div>\n\t\t\t\t<\/div>\n\t\t\t\t<\/div>\n\t\t","protected":false},"excerpt":{"rendered":"<p>Cookie-Richtlinie Cookie-Richtlinie Um Ihren Besuch auf unserer Website so angenehm, funktional und effizient wie m\u00f6glich zu gestalten, speichert unsere Website [&hellip;]<\/p>\n","protected":false},"author":1,"featured_media":0,"parent":0,"menu_order":0,"comment_status":"closed","ping_status":"closed","template":"","meta":{"_acf_changed":false,"site-sidebar-layout":"no-sidebar","site-content-layout":"","ast-site-content-layout":"full-width-container","site-content-style":"default","site-sidebar-style":"default","ast-global-header-display":"","ast-banner-title-visibility":"","ast-main-header-display":"","ast-hfb-above-header-display":"","ast-hfb-below-header-display":"","ast-hfb-mobile-header-display":"","site-post-title":"disabled","ast-breadcrumbs-content":"","ast-featured-img":"disabled","footer-sml-layout":"","ast-disable-related-posts":"","theme-transparent-header-meta":"default","adv-header-id-meta":"","stick-header-meta":"","header-above-stick-meta":"","header-main-stick-meta":"","header-below-stick-meta":"","astra-migrate-meta-layouts":"set","ast-page-background-enabled":"default","ast-page-background-meta":{"desktop":{"background-color":"var(--ast-global-color-4)","background-image":"","background-repeat":"repeat","background-position":"center center","background-size":"auto","background-attachment":"scroll","background-type":"","background-media":"","overlay-type":"","overlay-color":"","overlay-opacity":"","overlay-gradient":""},"tablet":{"background-color":"","background-image":"","background-repeat":"repeat","background-position":"center center","background-size":"auto","background-attachment":"scroll","background-type":"","background-media":"","overlay-type":"","overlay-color":"","overlay-opacity":"","overlay-gradient":""},"mobile":{"background-color":"","background-image":"","background-repeat":"repeat","background-position":"center center","background-size":"auto","background-attachment":"scroll","background-type":"","background-media":"","overlay-type":"","overlay-color":"","overlay-opacity":"","overlay-gradient":""}},"ast-content-background-meta":{"desktop":{"background-color":"var(--ast-global-color-5)","background-image":"","background-repeat":"repeat","background-position":"center center","background-size":"auto","background-attachment":"scroll","background-type":"","background-media":"","overlay-type":"","overlay-color":"","overlay-opacity":"","overlay-gradient":""},"tablet":{"background-color":"var(--ast-global-color-5)","background-image":"","background-repeat":"repeat","background-position":"center center","background-size":"auto","background-attachment":"scroll","background-type":"","background-media":"","overlay-type":"","overlay-color":"","overlay-opacity":"","overlay-gradient":""},"mobile":{"background-color":"var(--ast-global-color-5)","background-image":"","background-repeat":"repeat","background-position":"center center","background-size":"auto","background-attachment":"scroll","background-type":"","background-media":"","overlay-type":"","overlay-color":"","overlay-opacity":"","overlay-gradient":""}},"footnotes":""},"class_list":["post-3912","page","type-page","status-publish","hentry"],"acf":[],"yoast_head":"<!-- This site is optimized with the Yoast SEO plugin v27.2 - https:\/\/yoast.com\/product\/yoast-seo-wordpress\/ -->\n<title>Cookie-Richtlinie | Reverus Negotium<\/title>\n<meta name=\"description\" content=\"Reverus Negotium Cookie-Richtlinie. Erfahren Sie mehr dar\u00fcber, wie wir Cookies verwenden, und verwalten Sie Ihre Einstellungen.\" \/>\n<meta name=\"robots\" content=\"index, follow, max-snippet:-1, max-image-preview:large, max-video-preview:-1\" \/>\n<link rel=\"canonical\" href=\"https:\/\/reverus-negotium.com\/de\/cookie-richtlinie\/\" \/>\n<meta property=\"og:locale\" content=\"de_DE\" \/>\n<meta property=\"og:type\" content=\"article\" \/>\n<meta property=\"og:title\" content=\"Cookie-Richtlinie | Reverus Negotium\" \/>\n<meta property=\"og:description\" content=\"Reverus Negotium Cookie-Richtlinie. Erfahren Sie mehr dar\u00fcber, wie wir Cookies verwenden, und verwalten Sie Ihre Einstellungen.\" \/>\n<meta property=\"og:url\" content=\"https:\/\/reverus-negotium.com\/de\/cookie-richtlinie\/\" \/>\n<meta property=\"og:site_name\" content=\"reverus-negotium.com\" \/>\n<meta property=\"article:modified_time\" content=\"2026-01-23T12:34:12+00:00\" \/>\n<meta name=\"twitter:card\" content=\"summary_large_image\" \/>\n<meta name=\"twitter:label1\" content=\"Gesch\u00e4tzte Lesezeit\" \/>\n\t<meta name=\"twitter:data1\" content=\"2\u00a0Minuten\" \/>\n<script type=\"application\/ld+json\" class=\"yoast-schema-graph\">{\"@context\":\"https:\/\/schema.org\",\"@graph\":[{\"@type\":\"WebPage\",\"@id\":\"https:\/\/reverus-negotium.com\/de\/cookie-richtlinie\/\",\"url\":\"https:\/\/reverus-negotium.com\/de\/cookie-richtlinie\/\",\"name\":\"Cookie-Richtlinie | Reverus Negotium\",\"isPartOf\":{\"@id\":\"https:\/\/reverus-negotium.com\/de\/#website\"},\"datePublished\":\"2025-10-11T08:27:17+00:00\",\"dateModified\":\"2026-01-23T12:34:12+00:00\",\"description\":\"Reverus Negotium Cookie-Richtlinie. Erfahren Sie mehr dar\u00fcber, wie wir Cookies verwenden, und verwalten Sie Ihre Einstellungen.\",\"breadcrumb\":{\"@id\":\"https:\/\/reverus-negotium.com\/de\/cookie-richtlinie\/#breadcrumb\"},\"inLanguage\":\"de\",\"potentialAction\":[{\"@type\":\"ReadAction\",\"target\":[\"https:\/\/reverus-negotium.com\/de\/cookie-richtlinie\/\"]}]},{\"@type\":\"BreadcrumbList\",\"@id\":\"https:\/\/reverus-negotium.com\/de\/cookie-richtlinie\/#breadcrumb\",\"itemListElement\":[{\"@type\":\"ListItem\",\"position\":1,\"name\":\"Home\",\"item\":\"https:\/\/reverus-negotium.com\/de\/immobilienverkauf-und-kauf\/\"},{\"@type\":\"ListItem\",\"position\":2,\"name\":\"Cookie-Richtlinie\"}]},{\"@type\":\"WebSite\",\"@id\":\"https:\/\/reverus-negotium.com\/de\/#website\",\"url\":\"https:\/\/reverus-negotium.com\/de\/\",\"name\":\"reverus-negotium.com\",\"description\":\"\",\"publisher\":{\"@id\":\"https:\/\/reverus-negotium.com\/de\/#organization\"},\"potentialAction\":[{\"@type\":\"SearchAction\",\"target\":{\"@type\":\"EntryPoint\",\"urlTemplate\":\"https:\/\/reverus-negotium.com\/de\/?s={search_term_string}\"},\"query-input\":{\"@type\":\"PropertyValueSpecification\",\"valueRequired\":true,\"valueName\":\"search_term_string\"}}],\"inLanguage\":\"de\"},{\"@type\":\"Organization\",\"@id\":\"https:\/\/reverus-negotium.com\/de\/#organization\",\"name\":\"reverus-negotium.com\",\"url\":\"https:\/\/reverus-negotium.com\/de\/\",\"logo\":{\"@type\":\"ImageObject\",\"inLanguage\":\"de\",\"@id\":\"https:\/\/reverus-negotium.com\/de\/#\/schema\/logo\/image\/\",\"url\":\"https:\/\/reverus-negotium.com\/wp-content\/uploads\/2025\/10\/cropped-cropped-reverus_HD_logo.png\",\"contentUrl\":\"https:\/\/reverus-negotium.com\/wp-content\/uploads\/2025\/10\/cropped-cropped-reverus_HD_logo.png\",\"width\":600,\"height\":200,\"caption\":\"reverus-negotium.com\"},\"image\":{\"@id\":\"https:\/\/reverus-negotium.com\/de\/#\/schema\/logo\/image\/\"}}]}<\/script>\n<!-- \/ Yoast SEO plugin. -->","yoast_head_json":{"title":"Cookie-Richtlinie | Reverus Negotium","description":"Reverus Negotium Cookie-Richtlinie. Erfahren Sie mehr dar\u00fcber, wie wir Cookies verwenden, und verwalten Sie Ihre Einstellungen.","robots":{"index":"index","follow":"follow","max-snippet":"max-snippet:-1","max-image-preview":"max-image-preview:large","max-video-preview":"max-video-preview:-1"},"canonical":"https:\/\/reverus-negotium.com\/de\/cookie-richtlinie\/","og_locale":"de_DE","og_type":"article","og_title":"Cookie-Richtlinie | Reverus Negotium","og_description":"Reverus Negotium Cookie-Richtlinie. Erfahren Sie mehr dar\u00fcber, wie wir Cookies verwenden, und verwalten Sie Ihre Einstellungen.","og_url":"https:\/\/reverus-negotium.com\/de\/cookie-richtlinie\/","og_site_name":"reverus-negotium.com","article_modified_time":"2026-01-23T12:34:12+00:00","twitter_card":"summary_large_image","twitter_misc":{"Gesch\u00e4tzte Lesezeit":"2\u00a0Minuten"},"schema":{"@context":"https:\/\/schema.org","@graph":[{"@type":"WebPage","@id":"https:\/\/reverus-negotium.com\/de\/cookie-richtlinie\/","url":"https:\/\/reverus-negotium.com\/de\/cookie-richtlinie\/","name":"Cookie-Richtlinie | Reverus Negotium","isPartOf":{"@id":"https:\/\/reverus-negotium.com\/de\/#website"},"datePublished":"2025-10-11T08:27:17+00:00","dateModified":"2026-01-23T12:34:12+00:00","description":"Reverus Negotium Cookie-Richtlinie. Erfahren Sie mehr dar\u00fcber, wie wir Cookies verwenden, und verwalten Sie Ihre Einstellungen.","breadcrumb":{"@id":"https:\/\/reverus-negotium.com\/de\/cookie-richtlinie\/#breadcrumb"},"inLanguage":"de","potentialAction":[{"@type":"ReadAction","target":["https:\/\/reverus-negotium.com\/de\/cookie-richtlinie\/"]}]},{"@type":"BreadcrumbList","@id":"https:\/\/reverus-negotium.com\/de\/cookie-richtlinie\/#breadcrumb","itemListElement":[{"@type":"ListItem","position":1,"name":"Home","item":"https:\/\/reverus-negotium.com\/de\/immobilienverkauf-und-kauf\/"},{"@type":"ListItem","position":2,"name":"Cookie-Richtlinie"}]},{"@type":"WebSite","@id":"https:\/\/reverus-negotium.com\/de\/#website","url":"https:\/\/reverus-negotium.com\/de\/","name":"reverus-negotium.com","description":"","publisher":{"@id":"https:\/\/reverus-negotium.com\/de\/#organization"},"potentialAction":[{"@type":"SearchAction","target":{"@type":"EntryPoint","urlTemplate":"https:\/\/reverus-negotium.com\/de\/?s={search_term_string}"},"query-input":{"@type":"PropertyValueSpecification","valueRequired":true,"valueName":"search_term_string"}}],"inLanguage":"de"},{"@type":"Organization","@id":"https:\/\/reverus-negotium.com\/de\/#organization","name":"reverus-negotium.com","url":"https:\/\/reverus-negotium.com\/de\/","logo":{"@type":"ImageObject","inLanguage":"de","@id":"https:\/\/reverus-negotium.com\/de\/#\/schema\/logo\/image\/","url":"https:\/\/reverus-negotium.com\/wp-content\/uploads\/2025\/10\/cropped-cropped-reverus_HD_logo.png","contentUrl":"https:\/\/reverus-negotium.com\/wp-content\/uploads\/2025\/10\/cropped-cropped-reverus_HD_logo.png","width":600,"height":200,"caption":"reverus-negotium.com"},"image":{"@id":"https:\/\/reverus-negotium.com\/de\/#\/schema\/logo\/image\/"}}]}},"_links":{"self":[{"href":"https:\/\/reverus-negotium.com\/de\/wp-json\/wp\/v2\/pages\/3912","targetHints":{"allow":["GET"]}}],"collection":[{"href":"https:\/\/reverus-negotium.com\/de\/wp-json\/wp\/v2\/pages"}],"about":[{"href":"https:\/\/reverus-negotium.com\/de\/wp-json\/wp\/v2\/types\/page"}],"author":[{"embeddable":true,"href":"https:\/\/reverus-negotium.com\/de\/wp-json\/wp\/v2\/users\/1"}],"replies":[{"embeddable":true,"href":"https:\/\/reverus-negotium.com\/de\/wp-json\/wp\/v2\/comments?post=3912"}],"version-history":[{"count":2,"href":"https:\/\/reverus-negotium.com\/de\/wp-json\/wp\/v2\/pages\/3912\/revisions"}],"predecessor-version":[{"id":4836,"href":"https:\/\/reverus-negotium.com\/de\/wp-json\/wp\/v2\/pages\/3912\/revisions\/4836"}],"wp:attachment":[{"href":"https:\/\/reverus-negotium.com\/de\/wp-json\/wp\/v2\/media?parent=3912"}],"curies":[{"name":"wp","href":"https:\/\/api.w.org\/{rel}","templated":true}]}}