{"id":3853,"date":"2025-10-11T08:47:22","date_gmt":"2025-10-11T08:47:22","guid":{"rendered":"https:\/\/reverus-negotium.com\/datenschutzerklaerung\/"},"modified":"2026-01-23T12:42:54","modified_gmt":"2026-01-23T12:42:54","slug":"datenschutzerklaerung","status":"publish","type":"page","link":"https:\/\/reverus-negotium.com\/de\/datenschutzerklaerung\/","title":{"rendered":"Datenschutzerkl\u00e4rung"},"content":{"rendered":"\t\t<div data-elementor-type=\"wp-page\" data-elementor-id=\"3853\" class=\"elementor elementor-3853 elementor-3572\">\n\t\t\t\t<div class=\"elementor-element elementor-element-7a5af43f e-flex e-con-boxed e-con e-parent\" data-id=\"7a5af43f\" data-element_type=\"container\" data-e-type=\"container\" data-settings=\"{&quot;background_background&quot;:&quot;classic&quot;}\">\n\t\t\t\t\t<div class=\"e-con-inner\">\n\t\t\t\t<div class=\"elementor-element elementor-element-756c7eee elementor-widget elementor-widget-spacer\" data-id=\"756c7eee\" data-element_type=\"widget\" data-e-type=\"widget\" data-widget_type=\"spacer.default\">\n\t\t\t\t<div class=\"elementor-widget-container\">\n\t\t\t\t\t\t\t<div class=\"elementor-spacer\">\n\t\t\t<div class=\"elementor-spacer-inner\"><\/div>\n\t\t<\/div>\n\t\t\t\t\t\t<\/div>\n\t\t\t\t<\/div>\n\t\t\t\t<div class=\"elementor-element elementor-element-34b20eb0 elementor-widget elementor-widget-heading\" data-id=\"34b20eb0\" data-element_type=\"widget\" data-e-type=\"widget\" data-widget_type=\"heading.default\">\n\t\t\t\t<div class=\"elementor-widget-container\">\n\t\t\t\t\t<h1 class=\"elementor-heading-title elementor-size-default\">Datenschutzerkl\u00e4rung<\/h1>\t\t\t\t<\/div>\n\t\t\t\t<\/div>\n\t\t\t\t\t<\/div>\n\t\t\t\t<\/div>\n\t\t<div class=\"elementor-element elementor-element-0bae32a e-flex e-con-boxed e-con e-parent\" data-id=\"0bae32a\" data-element_type=\"container\" data-e-type=\"container\">\n\t\t\t\t\t<div class=\"e-con-inner\">\n\t\t\t\t<div class=\"elementor-element elementor-element-ed87348 elementor-widget elementor-widget-text-editor\" data-id=\"ed87348\" data-element_type=\"widget\" data-e-type=\"widget\" data-widget_type=\"text-editor.default\">\n\t\t\t\t<div class=\"elementor-widget-container\">\n\t\t\t\t\t\t\t\t\t<p data-start=\"154\" data-end=\"363\"><strong data-start=\"154\" data-end=\"165\">1. Einleitung<\/strong><br data-start=\"165\" data-end=\"168\" \/>Reverus Negotium d.o.o. <span style=\"color: #f5cece;\">(<a class=\"decorated-link\" style=\"color: #f5cece;\" href=\"http:\/\/www.reverus-negotium.com\" target=\"_new\" rel=\"noopener\" data-start=\"193\" data-end=\"217\">www.reverus-negotium.com<\/a>)<\/span> verpflichtet sich dem Schutz der Privatsph\u00e4re seiner Nutzer. Diese Datenschutzerkl\u00e4rung erl\u00e4utert, wie wir Ihre personenbezogenen Daten erfassen, nutzen und sch\u00fctzen.<\/p><p data-start=\"365\" data-end=\"650\"><strong data-start=\"365\" data-end=\"395\">2. Daten, die wir erfassen<\/strong><br data-start=\"395\" data-end=\"398\" \/>Wir k\u00f6nnen folgende Arten von Daten erfassen:<br data-start=\"441\" data-end=\"444\" \/>2.1. <strong data-start=\"449\" data-end=\"467\">Personenbezogene Daten:<\/strong> Name, Nachname, E-Mail-Adresse, Telefonnummer (z. B. \u00fcber das Kontaktformular).<br data-start=\"542\" data-end=\"545\" \/>2.2. <strong data-start=\"550\" data-end=\"570\">Technische Daten:<\/strong> IP-Adresse, Browsertyp und das Ger\u00e4t, das Sie beim Besuch der Website verwenden.<\/p><p data-start=\"652\" data-end=\"861\"><strong data-start=\"652\" data-end=\"680\">3. Zweck der Datenverarbeitung<\/strong><br data-start=\"680\" data-end=\"683\" \/>Wir verwenden Ihre Daten f\u00fcr folgende Zwecke:<br data-start=\"723\" data-end=\"726\" \/>3.1. Beantwortung Ihrer Anfragen.<br data-start=\"757\" data-end=\"760\" \/>3.2. Verbesserung des Nutzererlebnisses.<br data-start=\"798\" data-end=\"801\" \/>3.3. Statistische Analyse zur Verbesserung von Inhalten und Dienstleistungen.<\/p><p data-start=\"863\" data-end=\"1397\"><strong data-start=\"863\" data-end=\"905\">4. Newsletter und Marketingmitteilungen<\/strong><br data-start=\"905\" data-end=\"908\" \/>Wenn Sie sich f\u00fcr unseren Newsletter anmelden, verwenden wir Ihre E-Mail-Adresse ausschlie\u00dflich zum Versand von Informationen, Neuigkeiten und Angeboten zu unseren Dienstleistungen und Aktivit\u00e4ten.<br data-start=\"1064\" data-end=\"1067\" \/>Sie k\u00f6nnen Ihre Einwilligung zum Erhalt des Newsletters jederzeit widerrufen, indem Sie auf den Abmeldelink in jeder Nachricht klicken oder eine Anfrage an die E-Mail-Adresse senden: <strong data-start=\"1227\" data-end=\"1256\"><a class=\"decorated-link cursor-pointer\" rel=\"noopener\" data-start=\"1229\" data-end=\"1254\">info@reverus-negotium.com<\/a><\/strong>.<br data-start=\"1257\" data-end=\"1260\" \/>Ihre E-Mail-Adresse wird nicht f\u00fcr andere Zwecke verwendet oder ohne Ihre Zustimmung an Dritte weitergegeben, es sei denn, dies ist gesetzlich vorgeschrieben.<\/p><p data-start=\"1399\" data-end=\"1623\"><strong data-start=\"1399\" data-end=\"1425\">5. Datenweitergabe<\/strong><br data-start=\"1425\" data-end=\"1428\" \/>Ihre Daten werden nicht an Dritte weitergegeben, au\u00dfer in folgenden F\u00e4llen:<br data-start=\"1507\" data-end=\"1510\" \/>5.1. Wenn dies zur Erf\u00fcllung Ihrer Anfragen erforderlich ist (z. B. Erbringung von Dienstleistungen).<br data-start=\"1586\" data-end=\"1589\" \/>5.2. Wenn dies gesetzlich vorgeschrieben ist.<\/p><p data-start=\"1625\" data-end=\"1860\"><strong data-start=\"1625\" data-end=\"1640\">6. Cookies<\/strong><br data-start=\"1640\" data-end=\"1643\" \/>Unsere Website verwendet Cookies zur Traffic-Analyse und zur Verbesserung der Funktionalit\u00e4t. Durch die Nutzung der Website stimmen Sie der Verwendung von Cookies zu, und Sie k\u00f6nnen die Cookie-Einstellungen \u00fcber Ihren Internetbrowser verwalten.<\/p><p data-start=\"1862\" data-end=\"2204\"><strong data-start=\"1862\" data-end=\"1884\">7. Nutzerrechte<\/strong><br data-start=\"1884\" data-end=\"1887\" \/>Nutzer haben folgende Rechte bez\u00fcglich ihrer personenbezogenen Daten:<br data-start=\"1952\" data-end=\"1955\" \/>7.1. Recht auf Auskunft \u00fcber Daten.<br data-start=\"1986\" data-end=\"1989\" \/>7.2. Recht auf Berichtigung von Daten.<br data-start=\"2021\" data-end=\"2024\" \/>7.3. Recht auf L\u00f6schung von Daten.<br data-start=\"2056\" data-end=\"2059\" \/>7.4. Recht auf Widerspruch gegen die Datenverarbeitung.<br data-start=\"2098\" data-end=\"2101\" \/>Zur Aus\u00fcbung Ihrer Rechte k\u00f6nnen Sie uns \u00fcber die E-Mail-Adresse kontaktieren: <strong data-start=\"2174\" data-end=\"2203\"><a class=\"decorated-link cursor-pointer\" rel=\"noopener\" data-start=\"2176\" data-end=\"2201\">info@reverus-negotium.com<\/a><\/strong>.<\/p><p data-start=\"2206\" data-end=\"2396\"><strong data-start=\"2206\" data-end=\"2231\">8. Datensicherheit<\/strong><br data-start=\"2231\" data-end=\"2234\" \/>Reverus Negotium d.o.o. ergreift technische und organisatorische Ma\u00dfnahmen, um den Schutz Ihrer personenbezogenen Daten vor unbefugtem Zugriff, Verlust oder Missbrauch zu gew\u00e4hrleisten.<\/p><p data-start=\"2398\" data-end=\"2562\"><strong data-start=\"2398\" data-end=\"2422\">9. \u00c4nderungen der Richtlinie<\/strong><br data-start=\"2422\" data-end=\"2425\" \/>Wir behalten uns das Recht vor, diese Datenschutzerkl\u00e4rung jederzeit zu \u00e4ndern. Alle \u00c4nderungen werden rechtzeitig auf dieser Website ver\u00f6ffentlicht.<\/p><p data-start=\"2564\" data-end=\"2720\"><strong data-start=\"2564\" data-end=\"2579\">10. Kontakt<\/strong><br data-start=\"2579\" data-end=\"2582\" \/>F\u00fcr alle Fragen bez\u00fcglich des Datenschutzes und der Verarbeitung personenbezogener Daten k\u00f6nnen Sie uns per E-Mail kontaktieren: <span style=\"color: #f5cece;\"><a style=\"color: #f5cece;\" href=\"mailto:relota.zlatko@gmail.com\">relota.zlatko@gmail.com<\/a><\/span><\/p>\t\t\t\t\t\t\t\t<\/div>\n\t\t\t\t<\/div>\n\t\t\t\t\t<\/div>\n\t\t\t\t<\/div>\n\t\t\t\t<\/div>\n\t\t","protected":false},"excerpt":{"rendered":"<p>Datenschutzerkl\u00e4rung 1. EinleitungReverus Negotium d.o.o. (www.reverus-negotium.com) verpflichtet sich dem Schutz der Privatsph\u00e4re seiner Nutzer. Diese Datenschutzerkl\u00e4rung erl\u00e4utert, wie wir Ihre [&hellip;]<\/p>\n","protected":false},"author":1,"featured_media":0,"parent":0,"menu_order":0,"comment_status":"closed","ping_status":"closed","template":"","meta":{"_acf_changed":false,"site-sidebar-layout":"no-sidebar","site-content-layout":"","ast-site-content-layout":"full-width-container","site-content-style":"default","site-sidebar-style":"default","ast-global-header-display":"","ast-banner-title-visibility":"","ast-main-header-display":"","ast-hfb-above-header-display":"","ast-hfb-below-header-display":"","ast-hfb-mobile-header-display":"","site-post-title":"disabled","ast-breadcrumbs-content":"","ast-featured-img":"disabled","footer-sml-layout":"","ast-disable-related-posts":"","theme-transparent-header-meta":"default","adv-header-id-meta":"","stick-header-meta":"","header-above-stick-meta":"","header-main-stick-meta":"","header-below-stick-meta":"","astra-migrate-meta-layouts":"set","ast-page-background-enabled":"default","ast-page-background-meta":{"desktop":{"background-color":"var(--ast-global-color-4)","background-image":"","background-repeat":"repeat","background-position":"center center","background-size":"auto","background-attachment":"scroll","background-type":"","background-media":"","overlay-type":"","overlay-color":"","overlay-opacity":"","overlay-gradient":""},"tablet":{"background-color":"","background-image":"","background-repeat":"repeat","background-position":"center center","background-size":"auto","background-attachment":"scroll","background-type":"","background-media":"","overlay-type":"","overlay-color":"","overlay-opacity":"","overlay-gradient":""},"mobile":{"background-color":"","background-image":"","background-repeat":"repeat","background-position":"center center","background-size":"auto","background-attachment":"scroll","background-type":"","background-media":"","overlay-type":"","overlay-color":"","overlay-opacity":"","overlay-gradient":""}},"ast-content-background-meta":{"desktop":{"background-color":"var(--ast-global-color-5)","background-image":"","background-repeat":"repeat","background-position":"center center","background-size":"auto","background-attachment":"scroll","background-type":"","background-media":"","overlay-type":"","overlay-color":"","overlay-opacity":"","overlay-gradient":""},"tablet":{"background-color":"var(--ast-global-color-5)","background-image":"","background-repeat":"repeat","background-position":"center center","background-size":"auto","background-attachment":"scroll","background-type":"","background-media":"","overlay-type":"","overlay-color":"","overlay-opacity":"","overlay-gradient":""},"mobile":{"background-color":"var(--ast-global-color-5)","background-image":"","background-repeat":"repeat","background-position":"center center","background-size":"auto","background-attachment":"scroll","background-type":"","background-media":"","overlay-type":"","overlay-color":"","overlay-opacity":"","overlay-gradient":""}},"footnotes":""},"class_list":["post-3853","page","type-page","status-publish","hentry"],"acf":[],"yoast_head":"<!-- This site is optimized with the Yoast SEO plugin v27.2 - https:\/\/yoast.com\/product\/yoast-seo-wordpress\/ -->\n<title>Datenschutzerkl\u00e4rung I Reverus Negotium<\/title>\n<meta name=\"description\" content=\"Die Datenschutzerkl\u00e4rung gew\u00e4hrleistet, dass Sie wissen, wie Reverus Negotium Ihre personenbezogenen Daten erfasst, verwendet und sch\u00fctzt.\" \/>\n<meta name=\"robots\" content=\"index, follow, max-snippet:-1, max-image-preview:large, max-video-preview:-1\" \/>\n<link rel=\"canonical\" href=\"https:\/\/reverus-negotium.com\/de\/datenschutzerklaerung\/\" \/>\n<meta property=\"og:locale\" content=\"de_DE\" \/>\n<meta property=\"og:type\" content=\"article\" \/>\n<meta property=\"og:title\" content=\"Datenschutzerkl\u00e4rung I Reverus Negotium\" \/>\n<meta property=\"og:description\" content=\"Die Datenschutzerkl\u00e4rung gew\u00e4hrleistet, dass Sie wissen, wie Reverus Negotium Ihre personenbezogenen Daten erfasst, verwendet und sch\u00fctzt.\" \/>\n<meta property=\"og:url\" content=\"https:\/\/reverus-negotium.com\/de\/datenschutzerklaerung\/\" \/>\n<meta property=\"og:site_name\" content=\"reverus-negotium.com\" \/>\n<meta property=\"article:modified_time\" content=\"2026-01-23T12:42:54+00:00\" \/>\n<meta name=\"twitter:card\" content=\"summary_large_image\" \/>\n<meta name=\"twitter:label1\" content=\"Gesch\u00e4tzte Lesezeit\" \/>\n\t<meta name=\"twitter:data1\" content=\"2\u00a0Minuten\" \/>\n<script type=\"application\/ld+json\" class=\"yoast-schema-graph\">{\"@context\":\"https:\/\/schema.org\",\"@graph\":[{\"@type\":\"WebPage\",\"@id\":\"https:\/\/reverus-negotium.com\/de\/datenschutzerklaerung\/\",\"url\":\"https:\/\/reverus-negotium.com\/de\/datenschutzerklaerung\/\",\"name\":\"Datenschutzerkl\u00e4rung I Reverus Negotium\",\"isPartOf\":{\"@id\":\"https:\/\/reverus-negotium.com\/de\/#website\"},\"datePublished\":\"2025-10-11T08:47:22+00:00\",\"dateModified\":\"2026-01-23T12:42:54+00:00\",\"description\":\"Die Datenschutzerkl\u00e4rung gew\u00e4hrleistet, dass Sie wissen, wie Reverus Negotium Ihre personenbezogenen Daten erfasst, verwendet und sch\u00fctzt.\",\"breadcrumb\":{\"@id\":\"https:\/\/reverus-negotium.com\/de\/datenschutzerklaerung\/#breadcrumb\"},\"inLanguage\":\"de\",\"potentialAction\":[{\"@type\":\"ReadAction\",\"target\":[\"https:\/\/reverus-negotium.com\/de\/datenschutzerklaerung\/\"]}]},{\"@type\":\"BreadcrumbList\",\"@id\":\"https:\/\/reverus-negotium.com\/de\/datenschutzerklaerung\/#breadcrumb\",\"itemListElement\":[{\"@type\":\"ListItem\",\"position\":1,\"name\":\"Home\",\"item\":\"https:\/\/reverus-negotium.com\/de\/immobilienverkauf-und-kauf\/\"},{\"@type\":\"ListItem\",\"position\":2,\"name\":\"Datenschutzerkl\u00e4rung\"}]},{\"@type\":\"WebSite\",\"@id\":\"https:\/\/reverus-negotium.com\/de\/#website\",\"url\":\"https:\/\/reverus-negotium.com\/de\/\",\"name\":\"reverus-negotium.com\",\"description\":\"\",\"publisher\":{\"@id\":\"https:\/\/reverus-negotium.com\/de\/#organization\"},\"potentialAction\":[{\"@type\":\"SearchAction\",\"target\":{\"@type\":\"EntryPoint\",\"urlTemplate\":\"https:\/\/reverus-negotium.com\/de\/?s={search_term_string}\"},\"query-input\":{\"@type\":\"PropertyValueSpecification\",\"valueRequired\":true,\"valueName\":\"search_term_string\"}}],\"inLanguage\":\"de\"},{\"@type\":\"Organization\",\"@id\":\"https:\/\/reverus-negotium.com\/de\/#organization\",\"name\":\"reverus-negotium.com\",\"url\":\"https:\/\/reverus-negotium.com\/de\/\",\"logo\":{\"@type\":\"ImageObject\",\"inLanguage\":\"de\",\"@id\":\"https:\/\/reverus-negotium.com\/de\/#\/schema\/logo\/image\/\",\"url\":\"https:\/\/reverus-negotium.com\/wp-content\/uploads\/2025\/10\/cropped-cropped-reverus_HD_logo.png\",\"contentUrl\":\"https:\/\/reverus-negotium.com\/wp-content\/uploads\/2025\/10\/cropped-cropped-reverus_HD_logo.png\",\"width\":600,\"height\":200,\"caption\":\"reverus-negotium.com\"},\"image\":{\"@id\":\"https:\/\/reverus-negotium.com\/de\/#\/schema\/logo\/image\/\"}}]}<\/script>\n<!-- \/ Yoast SEO plugin. -->","yoast_head_json":{"title":"Datenschutzerkl\u00e4rung I Reverus Negotium","description":"Die Datenschutzerkl\u00e4rung gew\u00e4hrleistet, dass Sie wissen, wie Reverus Negotium Ihre personenbezogenen Daten erfasst, verwendet und sch\u00fctzt.","robots":{"index":"index","follow":"follow","max-snippet":"max-snippet:-1","max-image-preview":"max-image-preview:large","max-video-preview":"max-video-preview:-1"},"canonical":"https:\/\/reverus-negotium.com\/de\/datenschutzerklaerung\/","og_locale":"de_DE","og_type":"article","og_title":"Datenschutzerkl\u00e4rung I Reverus Negotium","og_description":"Die Datenschutzerkl\u00e4rung gew\u00e4hrleistet, dass Sie wissen, wie Reverus Negotium Ihre personenbezogenen Daten erfasst, verwendet und sch\u00fctzt.","og_url":"https:\/\/reverus-negotium.com\/de\/datenschutzerklaerung\/","og_site_name":"reverus-negotium.com","article_modified_time":"2026-01-23T12:42:54+00:00","twitter_card":"summary_large_image","twitter_misc":{"Gesch\u00e4tzte Lesezeit":"2\u00a0Minuten"},"schema":{"@context":"https:\/\/schema.org","@graph":[{"@type":"WebPage","@id":"https:\/\/reverus-negotium.com\/de\/datenschutzerklaerung\/","url":"https:\/\/reverus-negotium.com\/de\/datenschutzerklaerung\/","name":"Datenschutzerkl\u00e4rung I Reverus Negotium","isPartOf":{"@id":"https:\/\/reverus-negotium.com\/de\/#website"},"datePublished":"2025-10-11T08:47:22+00:00","dateModified":"2026-01-23T12:42:54+00:00","description":"Die Datenschutzerkl\u00e4rung gew\u00e4hrleistet, dass Sie wissen, wie Reverus Negotium Ihre personenbezogenen Daten erfasst, verwendet und sch\u00fctzt.","breadcrumb":{"@id":"https:\/\/reverus-negotium.com\/de\/datenschutzerklaerung\/#breadcrumb"},"inLanguage":"de","potentialAction":[{"@type":"ReadAction","target":["https:\/\/reverus-negotium.com\/de\/datenschutzerklaerung\/"]}]},{"@type":"BreadcrumbList","@id":"https:\/\/reverus-negotium.com\/de\/datenschutzerklaerung\/#breadcrumb","itemListElement":[{"@type":"ListItem","position":1,"name":"Home","item":"https:\/\/reverus-negotium.com\/de\/immobilienverkauf-und-kauf\/"},{"@type":"ListItem","position":2,"name":"Datenschutzerkl\u00e4rung"}]},{"@type":"WebSite","@id":"https:\/\/reverus-negotium.com\/de\/#website","url":"https:\/\/reverus-negotium.com\/de\/","name":"reverus-negotium.com","description":"","publisher":{"@id":"https:\/\/reverus-negotium.com\/de\/#organization"},"potentialAction":[{"@type":"SearchAction","target":{"@type":"EntryPoint","urlTemplate":"https:\/\/reverus-negotium.com\/de\/?s={search_term_string}"},"query-input":{"@type":"PropertyValueSpecification","valueRequired":true,"valueName":"search_term_string"}}],"inLanguage":"de"},{"@type":"Organization","@id":"https:\/\/reverus-negotium.com\/de\/#organization","name":"reverus-negotium.com","url":"https:\/\/reverus-negotium.com\/de\/","logo":{"@type":"ImageObject","inLanguage":"de","@id":"https:\/\/reverus-negotium.com\/de\/#\/schema\/logo\/image\/","url":"https:\/\/reverus-negotium.com\/wp-content\/uploads\/2025\/10\/cropped-cropped-reverus_HD_logo.png","contentUrl":"https:\/\/reverus-negotium.com\/wp-content\/uploads\/2025\/10\/cropped-cropped-reverus_HD_logo.png","width":600,"height":200,"caption":"reverus-negotium.com"},"image":{"@id":"https:\/\/reverus-negotium.com\/de\/#\/schema\/logo\/image\/"}}]}},"_links":{"self":[{"href":"https:\/\/reverus-negotium.com\/de\/wp-json\/wp\/v2\/pages\/3853","targetHints":{"allow":["GET"]}}],"collection":[{"href":"https:\/\/reverus-negotium.com\/de\/wp-json\/wp\/v2\/pages"}],"about":[{"href":"https:\/\/reverus-negotium.com\/de\/wp-json\/wp\/v2\/types\/page"}],"author":[{"embeddable":true,"href":"https:\/\/reverus-negotium.com\/de\/wp-json\/wp\/v2\/users\/1"}],"replies":[{"embeddable":true,"href":"https:\/\/reverus-negotium.com\/de\/wp-json\/wp\/v2\/comments?post=3853"}],"version-history":[{"count":9,"href":"https:\/\/reverus-negotium.com\/de\/wp-json\/wp\/v2\/pages\/3853\/revisions"}],"predecessor-version":[{"id":4845,"href":"https:\/\/reverus-negotium.com\/de\/wp-json\/wp\/v2\/pages\/3853\/revisions\/4845"}],"wp:attachment":[{"href":"https:\/\/reverus-negotium.com\/de\/wp-json\/wp\/v2\/media?parent=3853"}],"curies":[{"name":"wp","href":"https:\/\/api.w.org\/{rel}","templated":true}]}}